{"id":172,"date":"2019-05-09T22:11:07","date_gmt":"2019-05-09T22:11:07","guid":{"rendered":"http:\/\/sw-themes.com\/porto_dummy\/?page_id=172"},"modified":"2026-01-08T13:24:02","modified_gmt":"2026-01-08T10:24:02","slug":"hakkimizda","status":"publish","type":"page","link":"https:\/\/www.asyakaleinsaat.com.tr\/index.php\/hakkimizda\/","title":{"rendered":"Hakk\u0131m\u0131zda"},"content":{"rendered":"\t\t<div data-elementor-type=\"wp-page\" data-elementor-id=\"172\" class=\"elementor elementor-172\" data-elementor-post-type=\"page\">\n\t\t\t\t\t\t<section class=\"elementor-section elementor-top-section elementor-element elementor-element-9d5bc2c flex-wrap custom-container-background px-gutter elementor-section-boxed elementor-section-height-default elementor-section-height-default\" data-id=\"9d5bc2c\" data-element_type=\"section\">\n\t\t\t\t\t\t<div class=\"elementor-container elementor-column-gap-default\">\n\t\t\t\t\t<div class=\"elementor-column elementor-col-100 elementor-top-column elementor-element elementor-element-0f160b3 w-100 bg-white\" data-id=\"0f160b3\" data-element_type=\"column\">\n\t\t\t<div class=\"elementor-widget-wrap elementor-element-populated\">\n\t\t\t\t\t\t<div class=\"elementor-element elementor-element-bc4a1c7 elementor-widget__width-initial elementor-widget elementor-widget-text-editor\" data-id=\"bc4a1c7\" data-element_type=\"widget\" data-widget_type=\"text-editor.default\">\n\t\t\t\t\t\t\t\t\t<p data-start=\"221\" data-end=\"567\"><strong data-start=\"221\" data-end=\"299\">Asya Kale \u0130n\u015faat M\u00fchendislik Metal ve Yap\u0131 Malzemeleri San. Tic. Ltd. \u015eti.<\/strong>, in\u015faat sekt\u00f6r\u00fcnde malzeme sat\u0131\u015f\u0131, mekanik havaland\u0131rma sistemleri ve m\u00fchendislik proje hizmetleri alanlar\u0131nda faaliyet g\u00f6stermektedir.<br data-start=\"435\" data-end=\"438\" \/>Merkez ofisi \u0130stanbul Ata\u015fehir\u2019de bulunan firmam\u0131z; \u00fcretim, sat\u0131\u015f ve proje s\u00fcre\u00e7lerini entegre bir yap\u0131 i\u00e7erisinde y\u00fcr\u00fctmektedir.<\/p><p data-start=\"569\" data-end=\"846\">Kocaeli \u00c7ay\u0131rova\u2019da yer alan <strong data-start=\"598\" data-end=\"623\">malzeme sat\u0131\u015f \u015fubemiz<\/strong>, in\u015faat, onar\u0131m ve dekorasyon projeleri i\u00e7in geni\u015f \u00fcr\u00fcn yelpazesi sunarken; \u0130stanbul Sancaktepe\u2019de bulunan <strong data-start=\"731\" data-end=\"745\">fabrikam\u0131z<\/strong>, mekanik havaland\u0131rma \u00fcretim faaliyetlerini modern altyap\u0131 ve kalite standartlar\u0131yla s\u00fcrd\u00fcrmektedir.<\/p><p data-start=\"848\" data-end=\"1130\">Kalite, g\u00fcvenilirlik ve m\u00fc\u015fteri memnuniyetini temel ilke edinen firmam\u0131z; do\u011fru malzeme, do\u011fru sistem ve do\u011fru m\u00fchendislik anlay\u0131\u015f\u0131yla projelere de\u011fer katmay\u0131 hedeflemektedir. \u015eeffaf hizmet anlay\u0131\u015f\u0131m\u0131z ve deneyimli teknik kadromuzla uzun vadeli i\u015f birlikleri kurmaya devam ediyoruz.<\/p>\t\t\t\t\t\t\t\t<\/div>\n\t\t\t\t<div class=\"elementor-element elementor-element-51a91ee elementor-widget__width-initial elementor-widget elementor-widget-image\" data-id=\"51a91ee\" data-element_type=\"widget\" data-widget_type=\"image.default\">\n\t\t\t\t\t\t\t\t\t\t\t\t\t\t\t<img fetchpriority=\"high\" decoding=\"async\" width=\"873\" height=\"873\" src=\"https:\/\/www.asyakaleinsaat.com.tr\/wp-content\/uploads\/2026\/01\/asya-kale-mekanik-havalandirma.jpg\" class=\"attachment-large size-large wp-image-2750\" alt=\"yap\u0131 in\u015faat malzemeleri kocaeli \u00e7ay\u0131rova\" srcset=\"https:\/\/www.asyakaleinsaat.com.tr\/wp-content\/uploads\/2026\/01\/asya-kale-mekanik-havalandirma.jpg 873w, https:\/\/www.asyakaleinsaat.com.tr\/wp-content\/uploads\/2026\/01\/asya-kale-mekanik-havalandirma-768x768.jpg 768w, https:\/\/www.asyakaleinsaat.com.tr\/wp-content\/uploads\/2026\/01\/asya-kale-mekanik-havalandirma-640x640.jpg 640w, https:\/\/www.asyakaleinsaat.com.tr\/wp-content\/uploads\/2026\/01\/asya-kale-mekanik-havalandirma-400x400.jpg 400w, https:\/\/www.asyakaleinsaat.com.tr\/wp-content\/uploads\/2026\/01\/asya-kale-mekanik-havalandirma-560x560.jpg 560w, https:\/\/www.asyakaleinsaat.com.tr\/wp-content\/uploads\/2026\/01\/asya-kale-mekanik-havalandirma-367x367.jpg 367w\" sizes=\"(max-width: 873px) 100vw, 873px\" \/>\t\t\t\t\t\t\t\t\t\t\t\t\t\t\t<\/div>\n\t\t\t\t<div class=\"elementor-element elementor-element-77eccbe elementor-widget elementor-widget-video\" data-id=\"77eccbe\" data-element_type=\"widget\" data-settings=\"{&quot;youtube_url&quot;:&quot;https:\\\/\\\/www.youtube.com\\\/watch?v=W1fK4OgTkHg&quot;,&quot;video_type&quot;:&quot;youtube&quot;,&quot;controls&quot;:&quot;yes&quot;}\" data-widget_type=\"video.default\">\n\t\t\t\t\t\t\t<div class=\"elementor-wrapper elementor-open-inline\">\n\t\t\t<div class=\"elementor-video\"><\/div>\t\t<\/div>\n\t\t\t\t\t\t<\/div>\n\t\t\t\t\t<\/div>\n\t\t<\/div>\n\t\t\t\t\t<\/div>\n\t\t<\/section>\n\t\t\t\t<section class=\"elementor-section elementor-top-section elementor-element elementor-element-9c8cace px-gutter elementor-section-boxed elementor-section-height-default elementor-section-height-default\" data-id=\"9c8cace\" data-element_type=\"section\" data-settings=\"{&quot;background_background&quot;:&quot;classic&quot;}\">\n\t\t\t\t\t\t<div class=\"elementor-container elementor-column-gap-default\">\n\t\t\t\t\t<div class=\"elementor-column elementor-col-100 elementor-top-column elementor-element elementor-element-9c0a0c2\" data-id=\"9c0a0c2\" data-element_type=\"column\">\n\t\t\t<div class=\"elementor-widget-wrap elementor-element-populated\">\n\t\t\t\t\t\t<div class=\"elementor-element elementor-element-8241431 elementor-widget elementor-widget-gallery\" data-id=\"8241431\" data-element_type=\"widget\" data-settings=\"{&quot;lazyload&quot;:&quot;yes&quot;,&quot;gallery_layout&quot;:&quot;grid&quot;,&quot;columns&quot;:4,&quot;columns_tablet&quot;:2,&quot;columns_mobile&quot;:1,&quot;gap&quot;:{&quot;unit&quot;:&quot;px&quot;,&quot;size&quot;:10,&quot;sizes&quot;:[]},&quot;gap_tablet&quot;:{&quot;unit&quot;:&quot;px&quot;,&quot;size&quot;:10,&quot;sizes&quot;:[]},&quot;gap_mobile&quot;:{&quot;unit&quot;:&quot;px&quot;,&quot;size&quot;:10,&quot;sizes&quot;:[]},&quot;link_to&quot;:&quot;file&quot;,&quot;aspect_ratio&quot;:&quot;3:2&quot;,&quot;overlay_background&quot;:&quot;yes&quot;,&quot;content_hover_animation&quot;:&quot;fade-in&quot;}\" data-widget_type=\"gallery.default\">\n\t\t\t\t<div class=\"elementor-widget-container\">\n\t\t\t\t\t\t\t<div class=\"elementor-gallery__container\">\n\t\t\t\t\t\t\t<a class=\"e-gallery-item elementor-gallery-item elementor-animated-content\" href=\"https:\/\/www.asyakaleinsaat.com.tr\/wp-content\/uploads\/2026\/01\/lazer-kesim-sac.jpg\" data-elementor-open-lightbox=\"yes\" data-elementor-lightbox-slideshow=\"8241431\" data-elementor-lightbox-title=\"lazer-kesim-sac\" data-e-action-hash=\"#elementor-action%3Aaction%3Dlightbox%26settings%3DeyJpZCI6MjczNywidXJsIjoiaHR0cHM6XC9cL3d3dy5hc3lha2FsZWluc2FhdC5jb20udHJcL3dwLWNvbnRlbnRcL3VwbG9hZHNcLzIwMjZcLzAxXC9sYXplci1rZXNpbS1zYWMuanBnIiwic2xpZGVzaG93IjoiODI0MTQzMSJ9\">\n\t\t\t\t\t<div class=\"e-gallery-image elementor-gallery-item__image\" data-thumbnail=\"https:\/\/www.asyakaleinsaat.com.tr\/wp-content\/uploads\/2026\/01\/lazer-kesim-sac-300x123.jpg\" data-width=\"300\" data-height=\"123\" aria-label=\"\" role=\"img\" ><\/div>\n\t\t\t\t\t\t\t\t\t\t\t<div class=\"elementor-gallery-item__overlay\"><\/div>\n\t\t\t\t\t\t\t\t\t\t\t\t\t\t<\/a>\n\t\t\t\t\t\t\t<a class=\"e-gallery-item elementor-gallery-item elementor-animated-content\" href=\"https:\/\/www.asyakaleinsaat.com.tr\/wp-content\/uploads\/2026\/01\/asya-kale-mekanik-havalandirma.jpg\" data-elementor-open-lightbox=\"yes\" data-elementor-lightbox-slideshow=\"8241431\" data-elementor-lightbox-title=\"asya-kale-mekanik-havalandirma\" data-e-action-hash=\"#elementor-action%3Aaction%3Dlightbox%26settings%3DeyJpZCI6Mjc1MCwidXJsIjoiaHR0cHM6XC9cL3d3dy5hc3lha2FsZWluc2FhdC5jb20udHJcL3dwLWNvbnRlbnRcL3VwbG9hZHNcLzIwMjZcLzAxXC9hc3lhLWthbGUtbWVrYW5pay1oYXZhbGFuZGlybWEuanBnIiwic2xpZGVzaG93IjoiODI0MTQzMSJ9\">\n\t\t\t\t\t<div class=\"e-gallery-image elementor-gallery-item__image\" data-thumbnail=\"https:\/\/www.asyakaleinsaat.com.tr\/wp-content\/uploads\/2026\/01\/asya-kale-mekanik-havalandirma-300x300.jpg\" data-width=\"300\" data-height=\"300\" aria-label=\"yap\u0131 in\u015faat malzemeleri kocaeli \u00e7ay\u0131rova\" role=\"img\" ><\/div>\n\t\t\t\t\t\t\t\t\t\t\t<div class=\"elementor-gallery-item__overlay\"><\/div>\n\t\t\t\t\t\t\t\t\t\t\t\t\t\t<\/a>\n\t\t\t\t\t\t\t<a class=\"e-gallery-item elementor-gallery-item elementor-animated-content\" href=\"https:\/\/www.asyakaleinsaat.com.tr\/wp-content\/uploads\/2026\/01\/mekanik-havalandirma.jpg\" data-elementor-open-lightbox=\"yes\" data-elementor-lightbox-slideshow=\"8241431\" data-elementor-lightbox-title=\"mekanik-havalandirma\" data-e-action-hash=\"#elementor-action%3Aaction%3Dlightbox%26settings%3DeyJpZCI6Mjc0MCwidXJsIjoiaHR0cHM6XC9cL3d3dy5hc3lha2FsZWluc2FhdC5jb20udHJcL3dwLWNvbnRlbnRcL3VwbG9hZHNcLzIwMjZcLzAxXC9tZWthbmlrLWhhdmFsYW5kaXJtYS5qcGciLCJzbGlkZXNob3ciOiI4MjQxNDMxIn0%3D\">\n\t\t\t\t\t<div class=\"e-gallery-image elementor-gallery-item__image\" data-thumbnail=\"https:\/\/www.asyakaleinsaat.com.tr\/wp-content\/uploads\/2026\/01\/mekanik-havalandirma-300x130.jpg\" data-width=\"300\" data-height=\"130\" aria-label=\"\" role=\"img\" ><\/div>\n\t\t\t\t\t\t\t\t\t\t\t<div class=\"elementor-gallery-item__overlay\"><\/div>\n\t\t\t\t\t\t\t\t\t\t\t\t\t\t<\/a>\n\t\t\t\t\t\t\t<a class=\"e-gallery-item elementor-gallery-item elementor-animated-content\" href=\"https:\/\/www.asyakaleinsaat.com.tr\/wp-content\/uploads\/2026\/01\/mekanik-havalandirma-bukum.jpg\" data-elementor-open-lightbox=\"yes\" data-elementor-lightbox-slideshow=\"8241431\" data-elementor-lightbox-title=\"mekanik-havalandirma-bukum\" data-e-action-hash=\"#elementor-action%3Aaction%3Dlightbox%26settings%3DeyJpZCI6Mjc0MSwidXJsIjoiaHR0cHM6XC9cL3d3dy5hc3lha2FsZWluc2FhdC5jb20udHJcL3dwLWNvbnRlbnRcL3VwbG9hZHNcLzIwMjZcLzAxXC9tZWthbmlrLWhhdmFsYW5kaXJtYS1idWt1bS5qcGciLCJzbGlkZXNob3ciOiI4MjQxNDMxIn0%3D\">\n\t\t\t\t\t<div class=\"e-gallery-image elementor-gallery-item__image\" data-thumbnail=\"https:\/\/www.asyakaleinsaat.com.tr\/wp-content\/uploads\/2026\/01\/mekanik-havalandirma-bukum-300x136.jpg\" data-width=\"300\" data-height=\"136\" aria-label=\"\" role=\"img\" ><\/div>\n\t\t\t\t\t\t\t\t\t\t\t<div class=\"elementor-gallery-item__overlay\"><\/div>\n\t\t\t\t\t\t\t\t\t\t\t\t\t\t<\/a>\n\t\t\t\t\t\t\t<a class=\"e-gallery-item elementor-gallery-item elementor-animated-content\" href=\"https:\/\/www.asyakaleinsaat.com.tr\/wp-content\/uploads\/2026\/01\/fabrika-tipi-havalandirma.jpg\" data-elementor-open-lightbox=\"yes\" data-elementor-lightbox-slideshow=\"8241431\" data-elementor-lightbox-title=\"fabrika-tipi-havalandirma\" data-e-action-hash=\"#elementor-action%3Aaction%3Dlightbox%26settings%3DeyJpZCI6MjczMCwidXJsIjoiaHR0cHM6XC9cL3d3dy5hc3lha2FsZWluc2FhdC5jb20udHJcL3dwLWNvbnRlbnRcL3VwbG9hZHNcLzIwMjZcLzAxXC9mYWJyaWthLXRpcGktaGF2YWxhbmRpcm1hLmpwZyIsInNsaWRlc2hvdyI6IjgyNDE0MzEifQ%3D%3D\">\n\t\t\t\t\t<div class=\"e-gallery-image elementor-gallery-item__image\" data-thumbnail=\"https:\/\/www.asyakaleinsaat.com.tr\/wp-content\/uploads\/2026\/01\/fabrika-tipi-havalandirma-300x253.jpg\" data-width=\"300\" data-height=\"253\" aria-label=\"\" role=\"img\" ><\/div>\n\t\t\t\t\t\t\t\t\t\t\t<div class=\"elementor-gallery-item__overlay\"><\/div>\n\t\t\t\t\t\t\t\t\t\t\t\t\t\t<\/a>\n\t\t\t\t\t\t\t<a class=\"e-gallery-item elementor-gallery-item elementor-animated-content\" href=\"https:\/\/www.asyakaleinsaat.com.tr\/wp-content\/uploads\/2026\/01\/asya-yapi-malzeme.jpg\" data-elementor-open-lightbox=\"yes\" data-elementor-lightbox-slideshow=\"8241431\" data-elementor-lightbox-title=\"asya-yapi-malzeme\" data-e-action-hash=\"#elementor-action%3Aaction%3Dlightbox%26settings%3DeyJpZCI6MjcyNiwidXJsIjoiaHR0cHM6XC9cL3d3dy5hc3lha2FsZWluc2FhdC5jb20udHJcL3dwLWNvbnRlbnRcL3VwbG9hZHNcLzIwMjZcLzAxXC9hc3lhLXlhcGktbWFsemVtZS5qcGciLCJzbGlkZXNob3ciOiI4MjQxNDMxIn0%3D\">\n\t\t\t\t\t<div class=\"e-gallery-image elementor-gallery-item__image\" data-thumbnail=\"https:\/\/www.asyakaleinsaat.com.tr\/wp-content\/uploads\/2026\/01\/asya-yapi-malzeme-300x122.jpg\" data-width=\"300\" data-height=\"122\" aria-label=\"\" role=\"img\" ><\/div>\n\t\t\t\t\t\t\t\t\t\t\t<div class=\"elementor-gallery-item__overlay\"><\/div>\n\t\t\t\t\t\t\t\t\t\t\t\t\t\t<\/a>\n\t\t\t\t\t\t\t<a class=\"e-gallery-item elementor-gallery-item elementor-animated-content\" href=\"https:\/\/www.asyakaleinsaat.com.tr\/wp-content\/uploads\/2025\/12\/malzeme-satis.jpg\" data-elementor-open-lightbox=\"yes\" data-elementor-lightbox-slideshow=\"8241431\" data-elementor-lightbox-title=\"malzeme-satis\" data-e-action-hash=\"#elementor-action%3Aaction%3Dlightbox%26settings%3DeyJpZCI6MjY5NCwidXJsIjoiaHR0cHM6XC9cL3d3dy5hc3lha2FsZWluc2FhdC5jb20udHJcL3dwLWNvbnRlbnRcL3VwbG9hZHNcLzIwMjVcLzEyXC9tYWx6ZW1lLXNhdGlzLmpwZyIsInNsaWRlc2hvdyI6IjgyNDE0MzEifQ%3D%3D\">\n\t\t\t\t\t<div class=\"e-gallery-image elementor-gallery-item__image\" data-thumbnail=\"https:\/\/www.asyakaleinsaat.com.tr\/wp-content\/uploads\/2025\/12\/malzeme-satis-300x159.jpg\" data-width=\"300\" data-height=\"159\" aria-label=\"ASYA Yap\u0131 \u0130n\u015faat Malzemesi Sat\u0131\u015f\u0131\" role=\"img\" ><\/div>\n\t\t\t\t\t\t\t\t\t\t\t<div class=\"elementor-gallery-item__overlay\"><\/div>\n\t\t\t\t\t\t\t\t\t\t\t\t\t\t<\/a>\n\t\t\t\t\t\t\t<a class=\"e-gallery-item elementor-gallery-item elementor-animated-content\" href=\"https:\/\/www.asyakaleinsaat.com.tr\/wp-content\/uploads\/2025\/12\/mekanik-havalandirma.jpg\" data-elementor-open-lightbox=\"yes\" data-elementor-lightbox-slideshow=\"8241431\" data-elementor-lightbox-title=\"mekanik-havalandirma\" data-e-action-hash=\"#elementor-action%3Aaction%3Dlightbox%26settings%3DeyJpZCI6MjY5OCwidXJsIjoiaHR0cHM6XC9cL3d3dy5hc3lha2FsZWluc2FhdC5jb20udHJcL3dwLWNvbnRlbnRcL3VwbG9hZHNcLzIwMjVcLzEyXC9tZWthbmlrLWhhdmFsYW5kaXJtYS5qcGciLCJzbGlkZXNob3ciOiI4MjQxNDMxIn0%3D\">\n\t\t\t\t\t<div class=\"e-gallery-image elementor-gallery-item__image\" data-thumbnail=\"https:\/\/www.asyakaleinsaat.com.tr\/wp-content\/uploads\/2025\/12\/mekanik-havalandirma-300x130.jpg\" data-width=\"300\" data-height=\"130\" aria-label=\"sanayi tipi havaland\u0131rma\" role=\"img\" ><\/div>\n\t\t\t\t\t\t\t\t\t\t\t<div class=\"elementor-gallery-item__overlay\"><\/div>\n\t\t\t\t\t\t\t\t\t\t\t\t\t\t<\/a>\n\t\t\t\t\t\t\t<a class=\"e-gallery-item elementor-gallery-item elementor-animated-content\" href=\"https:\/\/www.asyakaleinsaat.com.tr\/wp-content\/uploads\/2026\/01\/asya-insaat-malzemesi.jpg\" data-elementor-open-lightbox=\"yes\" data-elementor-lightbox-slideshow=\"8241431\" data-elementor-lightbox-title=\"asya-insaat-malzemesi\" data-e-action-hash=\"#elementor-action%3Aaction%3Dlightbox%26settings%3DeyJpZCI6MjcyMCwidXJsIjoiaHR0cHM6XC9cL3d3dy5hc3lha2FsZWluc2FhdC5jb20udHJcL3dwLWNvbnRlbnRcL3VwbG9hZHNcLzIwMjZcLzAxXC9hc3lhLWluc2FhdC1tYWx6ZW1lc2kuanBnIiwic2xpZGVzaG93IjoiODI0MTQzMSJ9\">\n\t\t\t\t\t<div class=\"e-gallery-image elementor-gallery-item__image\" data-thumbnail=\"https:\/\/www.asyakaleinsaat.com.tr\/wp-content\/uploads\/2026\/01\/asya-insaat-malzemesi-300x195.jpg\" data-width=\"300\" data-height=\"195\" aria-label=\"Asya Kale \u0130n\u015faat Malzemesi\" role=\"img\" ><\/div>\n\t\t\t\t\t\t\t\t\t\t\t<div class=\"elementor-gallery-item__overlay\"><\/div>\n\t\t\t\t\t\t\t\t\t\t\t\t\t\t<\/a>\n\t\t\t\t\t\t\t<a class=\"e-gallery-item elementor-gallery-item elementor-animated-content\" href=\"https:\/\/www.asyakaleinsaat.com.tr\/wp-content\/uploads\/2026\/01\/havalandirma-sac.jpg\" data-elementor-open-lightbox=\"yes\" data-elementor-lightbox-slideshow=\"8241431\" data-elementor-lightbox-title=\"havalandirma-sac\" data-e-action-hash=\"#elementor-action%3Aaction%3Dlightbox%26settings%3DeyJpZCI6MjczMSwidXJsIjoiaHR0cHM6XC9cL3d3dy5hc3lha2FsZWluc2FhdC5jb20udHJcL3dwLWNvbnRlbnRcL3VwbG9hZHNcLzIwMjZcLzAxXC9oYXZhbGFuZGlybWEtc2FjLmpwZyIsInNsaWRlc2hvdyI6IjgyNDE0MzEifQ%3D%3D\">\n\t\t\t\t\t<div class=\"e-gallery-image elementor-gallery-item__image\" data-thumbnail=\"https:\/\/www.asyakaleinsaat.com.tr\/wp-content\/uploads\/2026\/01\/havalandirma-sac-300x126.jpg\" data-width=\"300\" data-height=\"126\" aria-label=\"\" role=\"img\" ><\/div>\n\t\t\t\t\t\t\t\t\t\t\t<div class=\"elementor-gallery-item__overlay\"><\/div>\n\t\t\t\t\t\t\t\t\t\t\t\t\t\t<\/a>\n\t\t\t\t\t\t\t<a class=\"e-gallery-item elementor-gallery-item elementor-animated-content\" href=\"https:\/\/www.asyakaleinsaat.com.tr\/wp-content\/uploads\/2026\/01\/havalandirma-sistemleri-lazer.jpg\" data-elementor-open-lightbox=\"yes\" data-elementor-lightbox-slideshow=\"8241431\" data-elementor-lightbox-title=\"havalandirma-sistemleri-lazer\" data-e-action-hash=\"#elementor-action%3Aaction%3Dlightbox%26settings%3DeyJpZCI6MjczMiwidXJsIjoiaHR0cHM6XC9cL3d3dy5hc3lha2FsZWluc2FhdC5jb20udHJcL3dwLWNvbnRlbnRcL3VwbG9hZHNcLzIwMjZcLzAxXC9oYXZhbGFuZGlybWEtc2lzdGVtbGVyaS1sYXplci5qcGciLCJzbGlkZXNob3ciOiI4MjQxNDMxIn0%3D\">\n\t\t\t\t\t<div class=\"e-gallery-image elementor-gallery-item__image\" data-thumbnail=\"https:\/\/www.asyakaleinsaat.com.tr\/wp-content\/uploads\/2026\/01\/havalandirma-sistemleri-lazer-300x135.jpg\" data-width=\"300\" data-height=\"135\" aria-label=\"\" role=\"img\" ><\/div>\n\t\t\t\t\t\t\t\t\t\t\t<div class=\"elementor-gallery-item__overlay\"><\/div>\n\t\t\t\t\t\t\t\t\t\t\t\t\t\t<\/a>\n\t\t\t\t\t\t\t<a class=\"e-gallery-item elementor-gallery-item elementor-animated-content\" href=\"https:\/\/www.asyakaleinsaat.com.tr\/wp-content\/uploads\/2026\/01\/asya-insaat-malzm.jpg\" data-elementor-open-lightbox=\"yes\" data-elementor-lightbox-slideshow=\"8241431\" data-elementor-lightbox-title=\"asya-insaat-malzm\" data-e-action-hash=\"#elementor-action%3Aaction%3Dlightbox%26settings%3DeyJpZCI6MjcyMSwidXJsIjoiaHR0cHM6XC9cL3d3dy5hc3lha2FsZWluc2FhdC5jb20udHJcL3dwLWNvbnRlbnRcL3VwbG9hZHNcLzIwMjZcLzAxXC9hc3lhLWluc2FhdC1tYWx6bS5qcGciLCJzbGlkZXNob3ciOiI4MjQxNDMxIn0%3D\">\n\t\t\t\t\t<div class=\"e-gallery-image elementor-gallery-item__image\" data-thumbnail=\"https:\/\/www.asyakaleinsaat.com.tr\/wp-content\/uploads\/2026\/01\/asya-insaat-malzm-300x137.jpg\" data-width=\"300\" data-height=\"137\" aria-label=\"\" role=\"img\" ><\/div>\n\t\t\t\t\t\t\t\t\t\t\t<div class=\"elementor-gallery-item__overlay\"><\/div>\n\t\t\t\t\t\t\t\t\t\t\t\t\t\t<\/a>\n\t\t\t\t\t<\/div>\n\t\t\t\t\t<\/div>\n\t\t\t\t<\/div>\n\t\t\t\t\t<\/div>\n\t\t<\/div>\n\t\t\t\t\t<\/div>\n\t\t<\/section>\n\t\t\t\t<\/div>\n\t\t","protected":false},"excerpt":{"rendered":"<p>Asya Kale \u0130n\u015faat M\u00fchendislik Metal ve Yap\u0131 Malzemeleri San. Tic. Ltd. \u015eti., in\u015faat sekt\u00f6r\u00fcnde malzeme sat\u0131\u015f\u0131, mekanik havaland\u0131rma sistemleri ve m\u00fchendislik proje hizmetleri alanlar\u0131nda faaliyet g\u00f6stermektedir.Merkez ofisi \u0130stanbul Ata\u015fehir\u2019de bulunan firmam\u0131z; \u00fcretim, sat\u0131\u015f ve proje s\u00fcre\u00e7lerini entegre bir yap\u0131 i\u00e7erisinde y\u00fcr\u00fctmektedir. Kocaeli \u00c7ay\u0131rova\u2019da yer alan malzeme sat\u0131\u015f \u015fubemiz, in\u015faat, onar\u0131m ve dekorasyon projeleri i\u00e7in geni\u015f [&hellip;]<\/p>\n","protected":false},"author":1,"featured_media":0,"parent":0,"menu_order":0,"comment_status":"closed","ping_status":"closed","template":"","meta":{"footnotes":""},"class_list":["post-172","page","type-page","status-publish","hentry"],"_links":{"self":[{"href":"https:\/\/www.asyakaleinsaat.com.tr\/index.php\/wp-json\/wp\/v2\/pages\/172","targetHints":{"allow":["GET"]}}],"collection":[{"href":"https:\/\/www.asyakaleinsaat.com.tr\/index.php\/wp-json\/wp\/v2\/pages"}],"about":[{"href":"https:\/\/www.asyakaleinsaat.com.tr\/index.php\/wp-json\/wp\/v2\/types\/page"}],"author":[{"embeddable":true,"href":"https:\/\/www.asyakaleinsaat.com.tr\/index.php\/wp-json\/wp\/v2\/users\/1"}],"replies":[{"embeddable":true,"href":"https:\/\/www.asyakaleinsaat.com.tr\/index.php\/wp-json\/wp\/v2\/comments?post=172"}],"version-history":[{"count":13,"href":"https:\/\/www.asyakaleinsaat.com.tr\/index.php\/wp-json\/wp\/v2\/pages\/172\/revisions"}],"predecessor-version":[{"id":2901,"href":"https:\/\/www.asyakaleinsaat.com.tr\/index.php\/wp-json\/wp\/v2\/pages\/172\/revisions\/2901"}],"wp:attachment":[{"href":"https:\/\/www.asyakaleinsaat.com.tr\/index.php\/wp-json\/wp\/v2\/media?parent=172"}],"curies":[{"name":"wp","href":"https:\/\/api.w.org\/{rel}","templated":true}]}}