{"id":183,"date":"2019-05-09T22:21:29","date_gmt":"2019-05-09T22:21:29","guid":{"rendered":"http:\/\/sw-themes.com\/porto_dummy\/?page_id=183"},"modified":"2026-01-12T21:12:33","modified_gmt":"2026-01-12T18:12:33","slug":"iletisim","status":"publish","type":"page","link":"https:\/\/www.asyakaleinsaat.com.tr\/index.php\/iletisim\/","title":{"rendered":"\u0130leti\u015fim"},"content":{"rendered":"\t\t<div data-elementor-type=\"wp-page\" data-elementor-id=\"183\" class=\"elementor elementor-183\" data-elementor-post-type=\"page\">\n\t\t\t\t\t\t<section class=\"elementor-section elementor-top-section elementor-element elementor-element-faab787 flex-wrap px-gutter custom-container-background contact-form-section elementor-section-boxed elementor-section-height-default elementor-section-height-default\" data-id=\"faab787\" data-element_type=\"section\">\n\t\t\t\t\t\t<div class=\"elementor-container elementor-column-gap-default\">\n\t\t\t\t\t<div class=\"elementor-column elementor-col-50 elementor-top-column elementor-element elementor-element-2e6ca2e w-100\" data-id=\"2e6ca2e\" data-element_type=\"column\" data-settings=\"{&quot;animation&quot;:&quot;none&quot;,&quot;animation_delay&quot;:&quot;200&quot;}\">\n\t\t\t<div class=\"elementor-widget-wrap elementor-element-populated\">\n\t\t\t\t<div class=\"elementor-element elementor-element-12765ed e-grid e-con-boxed e-con e-parent\" data-id=\"12765ed\" data-element_type=\"container\">\n\t\t\t\t\t<div class=\"e-con-inner\">\n\t\t\t\t<div class=\"elementor-element elementor-element-41200cb elementor-widget elementor-widget-text-editor\" data-id=\"41200cb\" data-element_type=\"widget\" data-widget_type=\"text-editor.default\">\n\t\t\t\t\t\t\t\t\t<p style=\"text-align: center;\"><strong>Merkez Ofis<br \/><\/strong>Ferhatpa\u015fa Mah. Seyit Nizam Cad. Kolektiv No: 75 \u0130\u00e7 Kap\u0131 No: 3 &#8211; Ata\u015fehir \/ \u0130stanbul<\/p>\t\t\t\t\t\t\t\t<\/div>\n\t\t\t\t<div class=\"elementor-element elementor-element-a5e9c68 elementor-widget elementor-widget-text-editor\" data-id=\"a5e9c68\" data-element_type=\"widget\" data-widget_type=\"text-editor.default\">\n\t\t\t\t\t\t\t\t\t<p style=\"text-align: center;\"><b>Yap\u0131 Malzemesi Sat\u0131\u015f<br \/><\/b>Rag\u0131p Demirkol Bulv. 25. Sok. No: 2 &#8211; No:2\/A <br \/>\u00c7ay\u0131rova \/ Kocaeli<\/p>\t\t\t\t\t\t\t\t<\/div>\n\t\t\t\t<div class=\"elementor-element elementor-element-8656b03 elementor-widget elementor-widget-text-editor\" data-id=\"8656b03\" data-element_type=\"widget\" data-widget_type=\"text-editor.default\">\n\t\t\t\t\t\t\t\t\t<p style=\"text-align: center;\"><strong>Fabrika<\/strong><br \/>Eyy\u00fcp Sultan Mah. Mehmet Akif Ersoy Cad. No: 53<br \/>Sancaktepe \/ \u0130stanbul<\/p>\t\t\t\t\t\t\t\t<\/div>\n\t\t\t\t<div class=\"elementor-element elementor-element-22bb7d8 elementor-widget elementor-widget-image\" data-id=\"22bb7d8\" data-element_type=\"widget\" data-widget_type=\"image.default\">\n\t\t\t\t\t\t\t\t\t\t\t\t\t\t\t<img fetchpriority=\"high\" decoding=\"async\" width=\"1024\" height=\"509\" src=\"https:\/\/www.asyakaleinsaat.com.tr\/wp-content\/uploads\/2026\/01\/asya-mekanik-havalandirma-1024x509.jpg\" class=\"attachment-large size-large wp-image-2722\" alt=\"\" srcset=\"https:\/\/www.asyakaleinsaat.com.tr\/wp-content\/uploads\/2026\/01\/asya-mekanik-havalandirma-1024x509.jpg 1024w, https:\/\/www.asyakaleinsaat.com.tr\/wp-content\/uploads\/2026\/01\/asya-mekanik-havalandirma-768x382.jpg 768w, https:\/\/www.asyakaleinsaat.com.tr\/wp-content\/uploads\/2026\/01\/asya-mekanik-havalandirma-640x318.jpg 640w, https:\/\/www.asyakaleinsaat.com.tr\/wp-content\/uploads\/2026\/01\/asya-mekanik-havalandirma-400x199.jpg 400w\" sizes=\"(max-width: 1024px) 100vw, 1024px\" \/>\t\t\t\t\t\t\t\t\t\t\t\t\t\t\t<\/div>\n\t\t\t\t<div class=\"elementor-element elementor-element-7fa1e50 elementor-widget elementor-widget-image\" data-id=\"7fa1e50\" data-element_type=\"widget\" data-widget_type=\"image.default\">\n\t\t\t\t\t\t\t\t\t\t\t\t\t\t\t<img decoding=\"async\" width=\"1024\" height=\"531\" src=\"https:\/\/www.asyakaleinsaat.com.tr\/wp-content\/uploads\/2026\/01\/asya-yapi-insaat-1024x531.jpg\" class=\"attachment-large size-large wp-image-2725\" alt=\"\" srcset=\"https:\/\/www.asyakaleinsaat.com.tr\/wp-content\/uploads\/2026\/01\/asya-yapi-insaat-1024x531.jpg 1024w, https:\/\/www.asyakaleinsaat.com.tr\/wp-content\/uploads\/2026\/01\/asya-yapi-insaat-768x398.jpg 768w, https:\/\/www.asyakaleinsaat.com.tr\/wp-content\/uploads\/2026\/01\/asya-yapi-insaat-640x332.jpg 640w, https:\/\/www.asyakaleinsaat.com.tr\/wp-content\/uploads\/2026\/01\/asya-yapi-insaat-400x207.jpg 400w, https:\/\/www.asyakaleinsaat.com.tr\/wp-content\/uploads\/2026\/01\/asya-yapi-insaat-393x205.jpg 393w\" sizes=\"(max-width: 1024px) 100vw, 1024px\" \/>\t\t\t\t\t\t\t\t\t\t\t\t\t\t\t<\/div>\n\t\t\t\t<div class=\"elementor-element elementor-element-c2e9841 elementor-widget elementor-widget-image\" data-id=\"c2e9841\" data-element_type=\"widget\" data-widget_type=\"image.default\">\n\t\t\t\t\t\t\t\t\t\t\t\t\t\t\t<img decoding=\"async\" width=\"1024\" height=\"511\" src=\"https:\/\/www.asyakaleinsaat.com.tr\/wp-content\/uploads\/2026\/01\/asya-mekanik-havalandirma-insaat-1024x511.jpg\" class=\"attachment-large size-large wp-image-2723\" alt=\"\" srcset=\"https:\/\/www.asyakaleinsaat.com.tr\/wp-content\/uploads\/2026\/01\/asya-mekanik-havalandirma-insaat-1024x511.jpg 1024w, https:\/\/www.asyakaleinsaat.com.tr\/wp-content\/uploads\/2026\/01\/asya-mekanik-havalandirma-insaat-768x383.jpg 768w, https:\/\/www.asyakaleinsaat.com.tr\/wp-content\/uploads\/2026\/01\/asya-mekanik-havalandirma-insaat-640x319.jpg 640w, https:\/\/www.asyakaleinsaat.com.tr\/wp-content\/uploads\/2026\/01\/asya-mekanik-havalandirma-insaat-400x199.jpg 400w\" sizes=\"(max-width: 1024px) 100vw, 1024px\" \/>\t\t\t\t\t\t\t\t\t\t\t\t\t\t\t<\/div>\n\t\t\t\t\t<\/div>\n\t\t\t\t<\/div>\n\t\t\t\t<div class=\"elementor-element elementor-element-9fe34a4 elementor-widget-divider--view-line elementor-invisible elementor-widget elementor-widget-divider\" data-id=\"9fe34a4\" data-element_type=\"widget\" data-settings=\"{&quot;_animation&quot;:&quot;fadeInUp&quot;,&quot;_animation_delay&quot;:400}\" data-widget_type=\"divider.default\">\n\t\t\t\t\t\t\t<div class=\"elementor-divider\">\n\t\t\t<span class=\"elementor-divider-separator\">\n\t\t\t\t\t\t<\/span>\n\t\t<\/div>\n\t\t\t\t\t\t<\/div>\n\t\t<div class=\"elementor-element elementor-element-224963c e-grid e-con-boxed e-con e-parent\" data-id=\"224963c\" data-element_type=\"container\">\n\t\t\t\t\t<div class=\"e-con-inner\">\n\t\t\t\t<div class=\"elementor-element elementor-element-a9cb499 elementor-widget elementor-widget-html\" data-id=\"a9cb499\" data-element_type=\"widget\" data-widget_type=\"html.default\">\n\t\t\t\t\t<iframe src=\"https:\/\/www.google.com\/maps\/embed?pb=!1m14!1m8!1m3!1d623.0621273561434!2d29.19131088283735!3d40.98420782114544!3m2!1i1024!2i768!4f13.1!3m3!1m2!1s0x14cacf9b8071f3ef%3A0x80595a6d93900268!2zRmVyaGF0cGHFn2EsIEFrZGVuaXogQ2QuIE5vOjc1LCAzNDc3OSBBdGHFn2VoaXIvxLBzdGFuYnVs!5e1!3m2!1str!2str!4v1768241542271!5m2!1str!2str\" width=\"600\" height=\"450\" style=\"border:0;\" allowfullscreen=\"\" loading=\"lazy\" referrerpolicy=\"no-referrer-when-downgrade\"><\/iframe>\t\t\t\t<\/div>\n\t\t\t\t<div class=\"elementor-element elementor-element-5e738cc elementor-widget elementor-widget-html\" data-id=\"5e738cc\" data-element_type=\"widget\" data-widget_type=\"html.default\">\n\t\t\t\t\t<iframe src=\"https:\/\/www.google.com\/maps\/embed?pb=!1m17!1m11!1m3!1d215.16755185785024!2d29.40956571721209!3d40.82041033760543!2m2!1f0!2f0.5601761229974813!3m2!1i1024!2i768!4f48.641099509809685!3m3!1m2!1s0x14cadfee759d8613%3A0xdf7b58cf5bc36b7a!2zQXN5YSBZYXDEsSAtIEpvdHVuIMOHYXnEsXJvdmEgU2F0xLHFnyBOb2t0YXPEsQ!5e1!3m2!1str!2sus!4v1767727953278!5m2!1str!2sus\" width=\"600\" height=\"450\" style=\"border:0;\" allowfullscreen=\"\" loading=\"lazy\" referrerpolicy=\"no-referrer-when-downgrade\"><\/iframe>\t\t\t\t<\/div>\n\t\t\t\t<div class=\"elementor-element elementor-element-ee2a896 elementor-widget elementor-widget-html\" data-id=\"ee2a896\" data-element_type=\"widget\" data-widget_type=\"html.default\">\n\t\t\t\t\t<iframe src=\"https:\/\/www.google.com\/maps\/embed?pb=!1m18!1m12!1m3!1d5538.094406647476!2d29.210761277591125!3d40.97663237135497!2m3!1f0!2f0!3f0!3m2!1i1024!2i768!4f13.1!3m3!1m2!1s0x14cacf087e05ff61%3A0x1dc6afafd228f38d!2zQVNZQSBLQUxFIE1FS0FOxLBLIMSwTsWeQUFUIE3DnEhFTkTEsFNMxLBL!5e1!3m2!1str!2sus!4v1767729173178!5m2!1str!2sus\" width=\"600\" height=\"450\" style=\"border:0;\" allowfullscreen=\"\" loading=\"lazy\" referrerpolicy=\"no-referrer-when-downgrade\"><\/iframe>\t\t\t\t<\/div>\n\t\t\t\t\t<\/div>\n\t\t\t\t<\/div>\n\t\t\t\t\t<\/div>\n\t\t<\/div>\n\t\t\t\t<div class=\"elementor-column elementor-col-50 elementor-top-column elementor-element elementor-element-1bffd7a w-lg-50\" data-id=\"1bffd7a\" data-element_type=\"column\">\n\t\t\t<div class=\"elementor-widget-wrap elementor-element-populated\">\n\t\t\t\t\t\t\t<\/div>\n\t\t<\/div>\n\t\t\t\t\t<\/div>\n\t\t<\/section>\n\t\t\t\t<\/div>\n\t\t","protected":false},"excerpt":{"rendered":"<p>Merkez OfisFerhatpa\u015fa Mah. Seyit Nizam Cad. Kolektiv No: 75 \u0130\u00e7 Kap\u0131 No: 3 &#8211; Ata\u015fehir \/ \u0130stanbul Yap\u0131 Malzemesi Sat\u0131\u015fRag\u0131p Demirkol Bulv. 25. Sok. No: 2 &#8211; No:2\/A \u00c7ay\u0131rova \/ Kocaeli FabrikaEyy\u00fcp Sultan Mah. Mehmet Akif Ersoy Cad. No: 53Sancaktepe \/ \u0130stanbul<\/p>\n","protected":false},"author":1,"featured_media":0,"parent":0,"menu_order":0,"comment_status":"closed","ping_status":"closed","template":"","meta":{"footnotes":""},"class_list":["post-183","page","type-page","status-publish","hentry"],"_links":{"self":[{"href":"https:\/\/www.asyakaleinsaat.com.tr\/index.php\/wp-json\/wp\/v2\/pages\/183","targetHints":{"allow":["GET"]}}],"collection":[{"href":"https:\/\/www.asyakaleinsaat.com.tr\/index.php\/wp-json\/wp\/v2\/pages"}],"about":[{"href":"https:\/\/www.asyakaleinsaat.com.tr\/index.php\/wp-json\/wp\/v2\/types\/page"}],"author":[{"embeddable":true,"href":"https:\/\/www.asyakaleinsaat.com.tr\/index.php\/wp-json\/wp\/v2\/users\/1"}],"replies":[{"embeddable":true,"href":"https:\/\/www.asyakaleinsaat.com.tr\/index.php\/wp-json\/wp\/v2\/comments?post=183"}],"version-history":[{"count":37,"href":"https:\/\/www.asyakaleinsaat.com.tr\/index.php\/wp-json\/wp\/v2\/pages\/183\/revisions"}],"predecessor-version":[{"id":2941,"href":"https:\/\/www.asyakaleinsaat.com.tr\/index.php\/wp-json\/wp\/v2\/pages\/183\/revisions\/2941"}],"wp:attachment":[{"href":"https:\/\/www.asyakaleinsaat.com.tr\/index.php\/wp-json\/wp\/v2\/media?parent=183"}],"curies":[{"name":"wp","href":"https:\/\/api.w.org\/{rel}","templated":true}]}}