{"id":2271,"date":"2021-08-27T07:47:09","date_gmt":"2021-08-27T07:47:09","guid":{"rendered":"http:\/\/sw-themes.com\/porto_dummy\/?page_id=2271"},"modified":"2026-01-04T23:30:01","modified_gmt":"2026-01-04T20:30:01","slug":"mekanik-havalandirma","status":"publish","type":"page","link":"https:\/\/www.asyakaleinsaat.com.tr\/index.php\/hizmetlerimiz\/mekanik-havalandirma\/","title":{"rendered":"Mekanik Havaland\u0131rma"},"content":{"rendered":"\t\t<div data-elementor-type=\"wp-page\" data-elementor-id=\"2271\" class=\"elementor elementor-2271\" data-elementor-post-type=\"page\">\n\t\t\t\t\t\t<section class=\"elementor-section elementor-top-section elementor-element elementor-element-efcc4cb flex-wrap custom-container-background px-gutter elementor-section-boxed elementor-section-height-default elementor-section-height-default\" data-id=\"efcc4cb\" data-element_type=\"section\">\n\t\t\t\t\t\t<div class=\"elementor-container elementor-column-gap-default\">\n\t\t\t\t\t<div class=\"elementor-column elementor-col-100 elementor-top-column elementor-element elementor-element-2e1b619 w-100 bg-white\" data-id=\"2e1b619\" data-element_type=\"column\">\n\t\t\t<div class=\"elementor-widget-wrap elementor-element-populated\">\n\t\t\t\t\t\t<div class=\"elementor-element elementor-element-10ba8ba elementor-widget elementor-widget-heading\" data-id=\"10ba8ba\" data-element_type=\"widget\" data-widget_type=\"heading.default\">\n\t\t\t\t\t<h2 class=\"elementor-heading-title elementor-size-default\">Y\u00fcksek Kalite \u00dcretim<\/h2>\t\t\t\t<\/div>\n\t\t\t\t<div class=\"elementor-element elementor-element-2218e8a elementor-widget elementor-widget-image\" data-id=\"2218e8a\" data-element_type=\"widget\" data-widget_type=\"image.default\">\n\t\t\t\t\t\t\t\t\t\t\t\t\t\t\t<img fetchpriority=\"high\" decoding=\"async\" width=\"1024\" height=\"461\" src=\"https:\/\/www.asyakaleinsaat.com.tr\/wp-content\/uploads\/2026\/01\/havalandirma-sistemleri-lazer-1024x461.jpg\" class=\"attachment-large size-large wp-image-2732\" alt=\"\" srcset=\"https:\/\/www.asyakaleinsaat.com.tr\/wp-content\/uploads\/2026\/01\/havalandirma-sistemleri-lazer-1024x461.jpg 1024w, https:\/\/www.asyakaleinsaat.com.tr\/wp-content\/uploads\/2026\/01\/havalandirma-sistemleri-lazer-768x346.jpg 768w, https:\/\/www.asyakaleinsaat.com.tr\/wp-content\/uploads\/2026\/01\/havalandirma-sistemleri-lazer-640x288.jpg 640w, https:\/\/www.asyakaleinsaat.com.tr\/wp-content\/uploads\/2026\/01\/havalandirma-sistemleri-lazer-400x180.jpg 400w\" sizes=\"(max-width: 1024px) 100vw, 1024px\" \/>\t\t\t\t\t\t\t\t\t\t\t\t\t\t\t<\/div>\n\t\t\t\t<div class=\"elementor-element elementor-element-bd21222 elementor-widget elementor-widget-text-editor\" data-id=\"bd21222\" data-element_type=\"widget\" data-widget_type=\"text-editor.default\">\n\t\t\t\t\t\t\t\t\t<p data-start=\"304\" data-end=\"739\"><strong data-start=\"304\" data-end=\"339\">Mekanik havaland\u0131rma sistemleri<\/strong>, kapal\u0131 alanlarda temiz hava sirk\u00fclasyonunu sa\u011flayarak ya\u015fam ve \u00e7al\u0131\u015fma alanlar\u0131n\u0131n daha sa\u011fl\u0131kl\u0131, konforlu ve g\u00fcvenli olmas\u0131na katk\u0131 sa\u011flar. Konutlardan end\u00fcstriyel tesislere kadar bir\u00e7ok alanda tercih edilen bu sistemler, g\u00fcn\u00fcm\u00fczde yap\u0131lar\u0131n vazge\u00e7ilmez bir par\u00e7as\u0131 haline gelmi\u015ftir. <strong data-start=\"626\" data-end=\"651\">Asya Kale \u0130n\u015faat Yap\u0131<\/strong>, mekanik havaland\u0131rma alan\u0131nda \u00fcretim, projelendirme ve uygulama \u00e7\u00f6z\u00fcmleri sunmaktad\u0131r.<\/p><p data-start=\"304\" data-end=\"739\">\u00a0<\/p><hr data-start=\"741\" data-end=\"744\" \/><p data-start=\"760\" data-end=\"1007\">Firmam\u0131z, \u0130stanbul Sancaktepe\u2019de bulunan \u00fcretim tesisinde, projeye \u00f6zel <strong data-start=\"832\" data-end=\"888\">mekanik havaland\u0131rma kanallar\u0131 ve sistem bile\u015fenleri<\/strong> \u00fcretmektedir. T\u00fcm \u00fcretim s\u00fcre\u00e7leri kalite standartlar\u0131na ve teknik y\u00f6netmeliklere uygun olarak ger\u00e7ekle\u015ftirilmektedir.<\/p><p data-start=\"1009\" data-end=\"1360\">Mekanik havaland\u0131rma projelerinde do\u011fru planlama b\u00fcy\u00fck \u00f6nem ta\u015f\u0131r. Bu nedenle m\u00fchendislik \u00e7izimleri, hava debisi hesaplar\u0131 ve uygulama detaylar\u0131 uzman teknik kadromuz taraf\u0131ndan titizlikle haz\u0131rlan\u0131r. Enerji verimlili\u011fini art\u0131ran, sessiz \u00e7al\u0131\u015fan ve uzun \u00f6m\u00fcrl\u00fc sistemler ile hem i\u015fletme maliyetleri d\u00fc\u015f\u00fcr\u00fcl\u00fcr hem de i\u00e7 mek\u00e2n hava kalitesi y\u00fckseltilir.<\/p><p data-start=\"1362\" data-end=\"1393\">Asya Kale \u0130n\u015faat Yap\u0131 olarak;<\/p><ul data-start=\"1394\" data-end=\"1483\"><li data-start=\"1394\" data-end=\"1418\"><p data-start=\"1396\" data-end=\"1418\">End\u00fcstriyel tesisler<\/p><\/li><li data-start=\"1419\" data-end=\"1437\"><p data-start=\"1421\" data-end=\"1437\">Ticari yap\u0131lar<\/p><\/li><li data-start=\"1438\" data-end=\"1463\"><p data-start=\"1440\" data-end=\"1463\">Ofis ve i\u015f merkezleri<\/p><\/li><li data-start=\"1464\" data-end=\"1483\"><p data-start=\"1466\" data-end=\"1483\">Konut projeleri<\/p><\/li><\/ul><p data-start=\"1485\" data-end=\"1634\">i\u00e7in <strong data-start=\"1490\" data-end=\"1524\">mekanik havaland\u0131rma \u00e7\u00f6z\u00fcmleri<\/strong> sunmaktay\u0131z. Projeye \u00f6zel \u00fcretim ve do\u011fru uygulama sayesinde sistemlerin maksimum verimle \u00e7al\u0131\u015fmas\u0131 sa\u011flan\u0131r.<\/p><hr data-start=\"1636\" data-end=\"1639\" \/><p data-start=\"1653\" data-end=\"2007\">Sa\u011fl\u0131kl\u0131 ve s\u00fcrd\u00fcr\u00fclebilir yap\u0131lar i\u00e7in mekanik havaland\u0131rma sistemleri kritik bir rol \u00fcstlenmektedir. <strong data-start=\"1756\" data-end=\"1781\">Asya Kale \u0130n\u015faat Yap\u0131<\/strong>, deneyimi, \u00fcretim g\u00fcc\u00fc ve m\u00fchendislik altyap\u0131s\u0131 ile mekanik havaland\u0131rma alan\u0131nda g\u00fcvenilir \u00e7\u00f6z\u00fcmler sunar. Kaliteli \u00fcretim, do\u011fru projelendirme ve profesyonel uygulama anlay\u0131\u015f\u0131yla projelerinize de\u011fer katmay\u0131 hedeflemektedir.<\/p>\t\t\t\t\t\t\t\t<\/div>\n\t\t\t\t<div class=\"elementor-element elementor-element-97970a5 elementor-widget elementor-widget-gallery\" data-id=\"97970a5\" data-element_type=\"widget\" data-settings=\"{&quot;lazyload&quot;:&quot;yes&quot;,&quot;gallery_layout&quot;:&quot;grid&quot;,&quot;columns&quot;:4,&quot;columns_tablet&quot;:2,&quot;columns_mobile&quot;:1,&quot;gap&quot;:{&quot;unit&quot;:&quot;px&quot;,&quot;size&quot;:10,&quot;sizes&quot;:[]},&quot;gap_tablet&quot;:{&quot;unit&quot;:&quot;px&quot;,&quot;size&quot;:10,&quot;sizes&quot;:[]},&quot;gap_mobile&quot;:{&quot;unit&quot;:&quot;px&quot;,&quot;size&quot;:10,&quot;sizes&quot;:[]},&quot;link_to&quot;:&quot;file&quot;,&quot;aspect_ratio&quot;:&quot;3:2&quot;,&quot;overlay_background&quot;:&quot;yes&quot;,&quot;content_hover_animation&quot;:&quot;fade-in&quot;}\" data-widget_type=\"gallery.default\">\n\t\t\t\t<div class=\"elementor-widget-container\">\n\t\t\t\t\t\t\t<div class=\"elementor-gallery__container\">\n\t\t\t\t\t\t\t<a class=\"e-gallery-item elementor-gallery-item elementor-animated-content\" href=\"https:\/\/www.asyakaleinsaat.com.tr\/wp-content\/uploads\/2026\/01\/sac-lazer-kesim.jpg\" data-elementor-open-lightbox=\"yes\" data-elementor-lightbox-slideshow=\"97970a5\" data-elementor-lightbox-title=\"sac-lazer-kesim\" data-e-action-hash=\"#elementor-action%3Aaction%3Dlightbox%26settings%3DeyJpZCI6Mjc0NiwidXJsIjoiaHR0cHM6XC9cL3d3dy5hc3lha2FsZWluc2FhdC5jb20udHJcL3dwLWNvbnRlbnRcL3VwbG9hZHNcLzIwMjZcLzAxXC9zYWMtbGF6ZXIta2VzaW0uanBnIiwic2xpZGVzaG93IjoiOTc5NzBhNSJ9\">\n\t\t\t\t\t<div class=\"e-gallery-image elementor-gallery-item__image\" data-thumbnail=\"https:\/\/www.asyakaleinsaat.com.tr\/wp-content\/uploads\/2026\/01\/sac-lazer-kesim-300x164.jpg\" data-width=\"300\" data-height=\"164\" aria-label=\"\" role=\"img\" ><\/div>\n\t\t\t\t\t\t\t\t\t\t\t<div class=\"elementor-gallery-item__overlay\"><\/div>\n\t\t\t\t\t\t\t\t\t\t\t\t\t\t<\/a>\n\t\t\t\t\t\t\t<a class=\"e-gallery-item elementor-gallery-item elementor-animated-content\" href=\"https:\/\/www.asyakaleinsaat.com.tr\/wp-content\/uploads\/2026\/01\/mekanik-havalandirma-uretimi.jpg\" data-elementor-open-lightbox=\"yes\" data-elementor-lightbox-slideshow=\"97970a5\" data-elementor-lightbox-title=\"mekanik-havalandirma-uretimi\" data-e-action-hash=\"#elementor-action%3Aaction%3Dlightbox%26settings%3DeyJpZCI6Mjc0NSwidXJsIjoiaHR0cHM6XC9cL3d3dy5hc3lha2FsZWluc2FhdC5jb20udHJcL3dwLWNvbnRlbnRcL3VwbG9hZHNcLzIwMjZcLzAxXC9tZWthbmlrLWhhdmFsYW5kaXJtYS11cmV0aW1pLmpwZyIsInNsaWRlc2hvdyI6Ijk3OTcwYTUifQ%3D%3D\">\n\t\t\t\t\t<div class=\"e-gallery-image elementor-gallery-item__image\" data-thumbnail=\"https:\/\/www.asyakaleinsaat.com.tr\/wp-content\/uploads\/2026\/01\/mekanik-havalandirma-uretimi-300x198.jpg\" data-width=\"300\" data-height=\"198\" aria-label=\"\" role=\"img\" ><\/div>\n\t\t\t\t\t\t\t\t\t\t\t<div class=\"elementor-gallery-item__overlay\"><\/div>\n\t\t\t\t\t\t\t\t\t\t\t\t\t\t<\/a>\n\t\t\t\t\t\t\t<a class=\"e-gallery-item elementor-gallery-item elementor-animated-content\" href=\"https:\/\/www.asyakaleinsaat.com.tr\/wp-content\/uploads\/2026\/01\/mekanik-havalandirma-uretim.jpg\" data-elementor-open-lightbox=\"yes\" data-elementor-lightbox-slideshow=\"97970a5\" data-elementor-lightbox-title=\"mekanik-havalandirma-uretim\" data-e-action-hash=\"#elementor-action%3Aaction%3Dlightbox%26settings%3DeyJpZCI6Mjc0NCwidXJsIjoiaHR0cHM6XC9cL3d3dy5hc3lha2FsZWluc2FhdC5jb20udHJcL3dwLWNvbnRlbnRcL3VwbG9hZHNcLzIwMjZcLzAxXC9tZWthbmlrLWhhdmFsYW5kaXJtYS11cmV0aW0uanBnIiwic2xpZGVzaG93IjoiOTc5NzBhNSJ9\">\n\t\t\t\t\t<div class=\"e-gallery-image elementor-gallery-item__image\" data-thumbnail=\"https:\/\/www.asyakaleinsaat.com.tr\/wp-content\/uploads\/2026\/01\/mekanik-havalandirma-uretim-300x169.jpg\" data-width=\"300\" data-height=\"169\" aria-label=\"\" role=\"img\" ><\/div>\n\t\t\t\t\t\t\t\t\t\t\t<div class=\"elementor-gallery-item__overlay\"><\/div>\n\t\t\t\t\t\t\t\t\t\t\t\t\t\t<\/a>\n\t\t\t\t\t\t\t<a class=\"e-gallery-item elementor-gallery-item elementor-animated-content\" href=\"https:\/\/www.asyakaleinsaat.com.tr\/wp-content\/uploads\/2026\/01\/mekanik-havalandirma-sanayi.jpg\" data-elementor-open-lightbox=\"yes\" data-elementor-lightbox-slideshow=\"97970a5\" data-elementor-lightbox-title=\"mekanik-havalandirma-sanayi\" data-e-action-hash=\"#elementor-action%3Aaction%3Dlightbox%26settings%3DeyJpZCI6Mjc0MywidXJsIjoiaHR0cHM6XC9cL3d3dy5hc3lha2FsZWluc2FhdC5jb20udHJcL3dwLWNvbnRlbnRcL3VwbG9hZHNcLzIwMjZcLzAxXC9tZWthbmlrLWhhdmFsYW5kaXJtYS1zYW5heWkuanBnIiwic2xpZGVzaG93IjoiOTc5NzBhNSJ9\">\n\t\t\t\t\t<div class=\"e-gallery-image elementor-gallery-item__image\" data-thumbnail=\"https:\/\/www.asyakaleinsaat.com.tr\/wp-content\/uploads\/2026\/01\/mekanik-havalandirma-sanayi-300x149.jpg\" data-width=\"300\" data-height=\"149\" aria-label=\"\" role=\"img\" ><\/div>\n\t\t\t\t\t\t\t\t\t\t\t<div class=\"elementor-gallery-item__overlay\"><\/div>\n\t\t\t\t\t\t\t\t\t\t\t\t\t\t<\/a>\n\t\t\t\t\t\t\t<a class=\"e-gallery-item elementor-gallery-item elementor-animated-content\" href=\"https:\/\/www.asyakaleinsaat.com.tr\/wp-content\/uploads\/2026\/01\/sanayi-tipi-havalandirma.jpg\" data-elementor-open-lightbox=\"yes\" data-elementor-lightbox-slideshow=\"97970a5\" data-elementor-lightbox-title=\"sanayi-tipi-havalandirma\" data-e-action-hash=\"#elementor-action%3Aaction%3Dlightbox%26settings%3DeyJpZCI6Mjc0NywidXJsIjoiaHR0cHM6XC9cL3d3dy5hc3lha2FsZWluc2FhdC5jb20udHJcL3dwLWNvbnRlbnRcL3VwbG9hZHNcLzIwMjZcLzAxXC9zYW5heWktdGlwaS1oYXZhbGFuZGlybWEuanBnIiwic2xpZGVzaG93IjoiOTc5NzBhNSJ9\">\n\t\t\t\t\t<div class=\"e-gallery-image elementor-gallery-item__image\" data-thumbnail=\"https:\/\/www.asyakaleinsaat.com.tr\/wp-content\/uploads\/2026\/01\/sanayi-tipi-havalandirma-300x146.jpg\" data-width=\"300\" data-height=\"146\" aria-label=\"\" role=\"img\" ><\/div>\n\t\t\t\t\t\t\t\t\t\t\t<div class=\"elementor-gallery-item__overlay\"><\/div>\n\t\t\t\t\t\t\t\t\t\t\t\t\t\t<\/a>\n\t\t\t\t\t\t\t<a class=\"e-gallery-item elementor-gallery-item elementor-animated-content\" href=\"https:\/\/www.asyakaleinsaat.com.tr\/wp-content\/uploads\/2026\/01\/lazer-kesim-sac.jpg\" data-elementor-open-lightbox=\"yes\" data-elementor-lightbox-slideshow=\"97970a5\" data-elementor-lightbox-title=\"lazer-kesim-sac\" data-e-action-hash=\"#elementor-action%3Aaction%3Dlightbox%26settings%3DeyJpZCI6MjczNywidXJsIjoiaHR0cHM6XC9cL3d3dy5hc3lha2FsZWluc2FhdC5jb20udHJcL3dwLWNvbnRlbnRcL3VwbG9hZHNcLzIwMjZcLzAxXC9sYXplci1rZXNpbS1zYWMuanBnIiwic2xpZGVzaG93IjoiOTc5NzBhNSJ9\">\n\t\t\t\t\t<div class=\"e-gallery-image elementor-gallery-item__image\" data-thumbnail=\"https:\/\/www.asyakaleinsaat.com.tr\/wp-content\/uploads\/2026\/01\/lazer-kesim-sac-300x123.jpg\" data-width=\"300\" data-height=\"123\" aria-label=\"\" role=\"img\" ><\/div>\n\t\t\t\t\t\t\t\t\t\t\t<div class=\"elementor-gallery-item__overlay\"><\/div>\n\t\t\t\t\t\t\t\t\t\t\t\t\t\t<\/a>\n\t\t\t\t\t\t\t<a class=\"e-gallery-item elementor-gallery-item elementor-animated-content\" href=\"https:\/\/www.asyakaleinsaat.com.tr\/wp-content\/uploads\/2026\/01\/mekanik-havalandirma.jpg\" data-elementor-open-lightbox=\"yes\" data-elementor-lightbox-slideshow=\"97970a5\" data-elementor-lightbox-title=\"mekanik-havalandirma\" data-e-action-hash=\"#elementor-action%3Aaction%3Dlightbox%26settings%3DeyJpZCI6Mjc0MCwidXJsIjoiaHR0cHM6XC9cL3d3dy5hc3lha2FsZWluc2FhdC5jb20udHJcL3dwLWNvbnRlbnRcL3VwbG9hZHNcLzIwMjZcLzAxXC9tZWthbmlrLWhhdmFsYW5kaXJtYS5qcGciLCJzbGlkZXNob3ciOiI5Nzk3MGE1In0%3D\">\n\t\t\t\t\t<div class=\"e-gallery-image elementor-gallery-item__image\" data-thumbnail=\"https:\/\/www.asyakaleinsaat.com.tr\/wp-content\/uploads\/2026\/01\/mekanik-havalandirma-300x130.jpg\" data-width=\"300\" data-height=\"130\" aria-label=\"\" role=\"img\" ><\/div>\n\t\t\t\t\t\t\t\t\t\t\t<div class=\"elementor-gallery-item__overlay\"><\/div>\n\t\t\t\t\t\t\t\t\t\t\t\t\t\t<\/a>\n\t\t\t\t\t\t\t<a class=\"e-gallery-item elementor-gallery-item elementor-animated-content\" href=\"https:\/\/www.asyakaleinsaat.com.tr\/wp-content\/uploads\/2026\/01\/mekanik-havalandirma-bukum.jpg\" data-elementor-open-lightbox=\"yes\" data-elementor-lightbox-slideshow=\"97970a5\" data-elementor-lightbox-title=\"mekanik-havalandirma-bukum\" data-e-action-hash=\"#elementor-action%3Aaction%3Dlightbox%26settings%3DeyJpZCI6Mjc0MSwidXJsIjoiaHR0cHM6XC9cL3d3dy5hc3lha2FsZWluc2FhdC5jb20udHJcL3dwLWNvbnRlbnRcL3VwbG9hZHNcLzIwMjZcLzAxXC9tZWthbmlrLWhhdmFsYW5kaXJtYS1idWt1bS5qcGciLCJzbGlkZXNob3ciOiI5Nzk3MGE1In0%3D\">\n\t\t\t\t\t<div class=\"e-gallery-image elementor-gallery-item__image\" data-thumbnail=\"https:\/\/www.asyakaleinsaat.com.tr\/wp-content\/uploads\/2026\/01\/mekanik-havalandirma-bukum-300x136.jpg\" data-width=\"300\" data-height=\"136\" aria-label=\"\" role=\"img\" ><\/div>\n\t\t\t\t\t\t\t\t\t\t\t<div class=\"elementor-gallery-item__overlay\"><\/div>\n\t\t\t\t\t\t\t\t\t\t\t\t\t\t<\/a>\n\t\t\t\t\t\t\t<a class=\"e-gallery-item elementor-gallery-item elementor-animated-content\" href=\"https:\/\/www.asyakaleinsaat.com.tr\/wp-content\/uploads\/2026\/01\/mekanik-havalandirma-san.jpg\" data-elementor-open-lightbox=\"yes\" data-elementor-lightbox-slideshow=\"97970a5\" data-elementor-lightbox-title=\"mekanik-havalandirma-san\" data-e-action-hash=\"#elementor-action%3Aaction%3Dlightbox%26settings%3DeyJpZCI6Mjc0MiwidXJsIjoiaHR0cHM6XC9cL3d3dy5hc3lha2FsZWluc2FhdC5jb20udHJcL3dwLWNvbnRlbnRcL3VwbG9hZHNcLzIwMjZcLzAxXC9tZWthbmlrLWhhdmFsYW5kaXJtYS1zYW4uanBnIiwic2xpZGVzaG93IjoiOTc5NzBhNSJ9\">\n\t\t\t\t\t<div class=\"e-gallery-image elementor-gallery-item__image\" data-thumbnail=\"https:\/\/www.asyakaleinsaat.com.tr\/wp-content\/uploads\/2026\/01\/mekanik-havalandirma-san-300x150.jpg\" data-width=\"300\" data-height=\"150\" aria-label=\"\" role=\"img\" ><\/div>\n\t\t\t\t\t\t\t\t\t\t\t<div class=\"elementor-gallery-item__overlay\"><\/div>\n\t\t\t\t\t\t\t\t\t\t\t\t\t\t<\/a>\n\t\t\t\t\t\t\t<a class=\"e-gallery-item elementor-gallery-item elementor-animated-content\" href=\"https:\/\/www.asyakaleinsaat.com.tr\/wp-content\/uploads\/2026\/01\/asya-havalandirma-uretim.jpg\" data-elementor-open-lightbox=\"yes\" data-elementor-lightbox-slideshow=\"97970a5\" data-elementor-lightbox-title=\"asya-havalandirma-uretim\" data-e-action-hash=\"#elementor-action%3Aaction%3Dlightbox%26settings%3DeyJpZCI6MjcxOCwidXJsIjoiaHR0cHM6XC9cL3d3dy5hc3lha2FsZWluc2FhdC5jb20udHJcL3dwLWNvbnRlbnRcL3VwbG9hZHNcLzIwMjZcLzAxXC9hc3lhLWhhdmFsYW5kaXJtYS11cmV0aW0uanBnIiwic2xpZGVzaG93IjoiOTc5NzBhNSJ9\">\n\t\t\t\t\t<div class=\"e-gallery-image elementor-gallery-item__image\" data-thumbnail=\"https:\/\/www.asyakaleinsaat.com.tr\/wp-content\/uploads\/2026\/01\/asya-havalandirma-uretim-300x166.jpg\" data-width=\"300\" data-height=\"166\" aria-label=\"\" role=\"img\" ><\/div>\n\t\t\t\t\t\t\t\t\t\t\t<div class=\"elementor-gallery-item__overlay\"><\/div>\n\t\t\t\t\t\t\t\t\t\t\t\t\t\t<\/a>\n\t\t\t\t\t\t\t<a class=\"e-gallery-item elementor-gallery-item elementor-animated-content\" href=\"https:\/\/www.asyakaleinsaat.com.tr\/wp-content\/uploads\/2025\/12\/sanayi-tipi-havalandirma.jpg\" data-elementor-open-lightbox=\"yes\" data-elementor-lightbox-slideshow=\"97970a5\" data-elementor-lightbox-title=\"sanayi-tipi-havalandirma\" data-e-action-hash=\"#elementor-action%3Aaction%3Dlightbox%26settings%3DeyJpZCI6MjY5OSwidXJsIjoiaHR0cHM6XC9cL3d3dy5hc3lha2FsZWluc2FhdC5jb20udHJcL3dwLWNvbnRlbnRcL3VwbG9hZHNcLzIwMjVcLzEyXC9zYW5heWktdGlwaS1oYXZhbGFuZGlybWEuanBnIiwic2xpZGVzaG93IjoiOTc5NzBhNSJ9\">\n\t\t\t\t\t<div class=\"e-gallery-image elementor-gallery-item__image\" data-thumbnail=\"https:\/\/www.asyakaleinsaat.com.tr\/wp-content\/uploads\/2025\/12\/sanayi-tipi-havalandirma-300x146.jpg\" data-width=\"300\" data-height=\"146\" aria-label=\"\" role=\"img\" ><\/div>\n\t\t\t\t\t\t\t\t\t\t\t<div class=\"elementor-gallery-item__overlay\"><\/div>\n\t\t\t\t\t\t\t\t\t\t\t\t\t\t<\/a>\n\t\t\t\t\t\t\t<a class=\"e-gallery-item elementor-gallery-item elementor-animated-content\" href=\"https:\/\/www.asyakaleinsaat.com.tr\/wp-content\/uploads\/2025\/12\/mekanik-havalandirma.jpg\" data-elementor-open-lightbox=\"yes\" data-elementor-lightbox-slideshow=\"97970a5\" data-elementor-lightbox-title=\"mekanik-havalandirma\" data-e-action-hash=\"#elementor-action%3Aaction%3Dlightbox%26settings%3DeyJpZCI6MjY5OCwidXJsIjoiaHR0cHM6XC9cL3d3dy5hc3lha2FsZWluc2FhdC5jb20udHJcL3dwLWNvbnRlbnRcL3VwbG9hZHNcLzIwMjVcLzEyXC9tZWthbmlrLWhhdmFsYW5kaXJtYS5qcGciLCJzbGlkZXNob3ciOiI5Nzk3MGE1In0%3D\">\n\t\t\t\t\t<div class=\"e-gallery-image elementor-gallery-item__image\" data-thumbnail=\"https:\/\/www.asyakaleinsaat.com.tr\/wp-content\/uploads\/2025\/12\/mekanik-havalandirma-300x130.jpg\" data-width=\"300\" data-height=\"130\" aria-label=\"sanayi tipi havaland\u0131rma\" role=\"img\" ><\/div>\n\t\t\t\t\t\t\t\t\t\t\t<div class=\"elementor-gallery-item__overlay\"><\/div>\n\t\t\t\t\t\t\t\t\t\t\t\t\t\t<\/a>\n\t\t\t\t\t<\/div>\n\t\t\t\t\t<\/div>\n\t\t\t\t<\/div>\n\t\t\t\t\t<\/div>\n\t\t<\/div>\n\t\t\t\t\t<\/div>\n\t\t<\/section>\n\t\t\t\t<section class=\"elementor-section elementor-top-section elementor-element elementor-element-2c2a9ea elementor-section-full_width elementor-section-height-default elementor-section-height-default\" data-id=\"2c2a9ea\" data-element_type=\"section\">\n\t\t\t\t\t\t<div class=\"elementor-container elementor-column-gap-no\">\n\t\t\t\t\t<div class=\"elementor-column elementor-col-100 elementor-top-column elementor-element elementor-element-3638b27\" data-id=\"3638b27\" data-element_type=\"column\">\n\t\t\t<div class=\"elementor-widget-wrap\">\n\t\t\t\t\t\t\t<\/div>\n\t\t<\/div>\n\t\t\t\t\t<\/div>\n\t\t<\/section>\n\t\t\t\t<\/div>\n\t\t","protected":false},"excerpt":{"rendered":"<p>Y\u00fcksek Kalite \u00dcretim Mekanik havaland\u0131rma sistemleri, kapal\u0131 alanlarda temiz hava sirk\u00fclasyonunu sa\u011flayarak ya\u015fam ve \u00e7al\u0131\u015fma alanlar\u0131n\u0131n daha sa\u011fl\u0131kl\u0131, konforlu ve g\u00fcvenli olmas\u0131na katk\u0131 sa\u011flar. Konutlardan end\u00fcstriyel tesislere kadar bir\u00e7ok alanda tercih edilen bu sistemler, g\u00fcn\u00fcm\u00fczde yap\u0131lar\u0131n vazge\u00e7ilmez bir par\u00e7as\u0131 haline gelmi\u015ftir. Asya Kale \u0130n\u015faat Yap\u0131, mekanik havaland\u0131rma alan\u0131nda \u00fcretim, projelendirme ve uygulama \u00e7\u00f6z\u00fcmleri sunmaktad\u0131r. \u00a0 [&hellip;]<\/p>\n","protected":false},"author":1,"featured_media":0,"parent":76,"menu_order":0,"comment_status":"closed","ping_status":"closed","template":"","meta":{"footnotes":""},"class_list":["post-2271","page","type-page","status-publish","hentry"],"_links":{"self":[{"href":"https:\/\/www.asyakaleinsaat.com.tr\/index.php\/wp-json\/wp\/v2\/pages\/2271","targetHints":{"allow":["GET"]}}],"collection":[{"href":"https:\/\/www.asyakaleinsaat.com.tr\/index.php\/wp-json\/wp\/v2\/pages"}],"about":[{"href":"https:\/\/www.asyakaleinsaat.com.tr\/index.php\/wp-json\/wp\/v2\/types\/page"}],"author":[{"embeddable":true,"href":"https:\/\/www.asyakaleinsaat.com.tr\/index.php\/wp-json\/wp\/v2\/users\/1"}],"replies":[{"embeddable":true,"href":"https:\/\/www.asyakaleinsaat.com.tr\/index.php\/wp-json\/wp\/v2\/comments?post=2271"}],"version-history":[{"count":4,"href":"https:\/\/www.asyakaleinsaat.com.tr\/index.php\/wp-json\/wp\/v2\/pages\/2271\/revisions"}],"predecessor-version":[{"id":2807,"href":"https:\/\/www.asyakaleinsaat.com.tr\/index.php\/wp-json\/wp\/v2\/pages\/2271\/revisions\/2807"}],"up":[{"embeddable":true,"href":"https:\/\/www.asyakaleinsaat.com.tr\/index.php\/wp-json\/wp\/v2\/pages\/76"}],"wp:attachment":[{"href":"https:\/\/www.asyakaleinsaat.com.tr\/index.php\/wp-json\/wp\/v2\/media?parent=2271"}],"curies":[{"name":"wp","href":"https:\/\/api.w.org\/{rel}","templated":true}]}}